{"id":16,"date":"2016-12-20T05:48:15","date_gmt":"2016-12-20T07:48:15","guid":{"rendered":"http:\/\/localhost\/equals\/wordpress\/?page_id=16"},"modified":"2024-07-23T15:42:05","modified_gmt":"2024-07-23T18:42:05","slug":"beneficios","status":"publish","type":"page","link":"https:\/\/equals.com.br\/es\/beneficios\/","title":{"rendered":"Beneficios"},"content":{"rendered":"","protected":false},"excerpt":{"rendered":"","protected":false},"author":42,"featured_media":0,"parent":0,"menu_order":0,"comment_status":"closed","ping_status":"closed","template":"tpl-beneficios.php","meta":{"footnotes":""},"tags":[],"class_list":["post-16","page","type-page","status-publish","hentry"],"yoast_head":"<!-- This site is optimized with the Yoast SEO plugin v24.9 - https:\/\/yoast.com\/wordpress\/plugins\/seo\/ -->\n<title>(Portugu\u00eas do Brasil) Equals - Conhe\u00e7a os benef\u00edcios da Concilia\u00e7\u00e3o Financeira<\/title>\n<meta name=\"description\" content=\"(Portugu\u00eas do Brasil) Entenda quais s\u00e3o os benef\u00edcios de ter uma concilia\u00e7\u00e3o financeira autom\u00e1tica e inteligente. Otimize sua gest\u00e3o e aumente a produtividade.\" \/>\n<meta name=\"robots\" content=\"index, follow, max-snippet:-1, max-image-preview:large, max-video-preview:-1\" \/>\n<link rel=\"canonical\" href=\"https:\/\/equals.com.br\/beneficios\/\" \/>\n<meta property=\"og:locale\" content=\"es_ES\" \/>\n<meta property=\"og:type\" content=\"article\" \/>\n<meta property=\"og:title\" content=\"[:pb]Equals - Conhe\u00e7a os benef\u00edcios da Concilia\u00e7\u00e3o Financeira[:]\" \/>\n<meta property=\"og:description\" content=\"{:pb}Entenda quais s\u00e3o os benef\u00edcios de ter uma concilia\u00e7\u00e3o financeira autom\u00e1tica e inteligente. Otimize sua gest\u00e3o e aumente a produtividade.{:}\" \/>\n<meta property=\"og:url\" content=\"https:\/\/equals.com.br\/beneficios\/\" \/>\n<meta property=\"og:site_name\" content=\"Equals\" \/>\n<meta property=\"article:modified_time\" content=\"2024-07-23T18:42:05+00:00\" \/>\n<meta name=\"twitter:card\" content=\"summary_large_image\" \/>\n<script type=\"application\/ld+json\" class=\"yoast-schema-graph\">{\"@context\":\"https:\/\/schema.org\",\"@graph\":[{\"@type\":\"WebPage\",\"@id\":\"https:\/\/equals.com.br\/beneficios\/\",\"url\":\"https:\/\/equals.com.br\/beneficios\/\",\"name\":\"[:pb]Equals - Conhe\u00e7a os benef\u00edcios da Concilia\u00e7\u00e3o Financeira[:]\",\"isPartOf\":{\"@id\":\"https:\/\/equals.com.br\/#website\"},\"datePublished\":\"2016-12-20T07:48:15+00:00\",\"dateModified\":\"2024-07-23T18:42:05+00:00\",\"description\":\"{:pb}Entenda quais s\u00e3o os benef\u00edcios de ter uma concilia\u00e7\u00e3o financeira autom\u00e1tica e inteligente. Otimize sua gest\u00e3o e aumente a produtividade.{:}\",\"breadcrumb\":{\"@id\":\"https:\/\/equals.com.br\/beneficios\/#breadcrumb\"},\"inLanguage\":\"es\",\"potentialAction\":[{\"@type\":\"ReadAction\",\"target\":[\"https:\/\/equals.com.br\/beneficios\/\"]}]},{\"@type\":\"BreadcrumbList\",\"@id\":\"https:\/\/equals.com.br\/beneficios\/#breadcrumb\",\"itemListElement\":[{\"@type\":\"ListItem\",\"position\":1,\"name\":\"In\u00edcio\",\"item\":\"https:\/\/equals.com.br\/\"},{\"@type\":\"ListItem\",\"position\":2,\"name\":\"Benef\u00edcios\"}]},{\"@type\":\"WebSite\",\"@id\":\"https:\/\/equals.com.br\/#website\",\"url\":\"https:\/\/equals.com.br\/\",\"name\":\"Equals\",\"description\":\"Concilia\u00e7\u00e3o de vendas com cart\u00f5es de cr\u00e9dito\",\"publisher\":{\"@id\":\"https:\/\/equals.com.br\/#organization\"},\"potentialAction\":[{\"@type\":\"SearchAction\",\"target\":{\"@type\":\"EntryPoint\",\"urlTemplate\":\"https:\/\/equals.com.br\/?s={search_term_string}\"},\"query-input\":{\"@type\":\"PropertyValueSpecification\",\"valueRequired\":true,\"valueName\":\"search_term_string\"}}],\"inLanguage\":\"es\"},{\"@type\":\"Organization\",\"@id\":\"https:\/\/equals.com.br\/#organization\",\"name\":\"Equals\",\"url\":\"https:\/\/equals.com.br\/\",\"logo\":{\"@type\":\"ImageObject\",\"inLanguage\":\"es\",\"@id\":\"https:\/\/equals.com.br\/#\/schema\/logo\/image\/\",\"url\":\"https:\/\/equals.com.br\/wp-content\/uploads\/2025\/03\/cropped-favicon.png\",\"contentUrl\":\"https:\/\/equals.com.br\/wp-content\/uploads\/2025\/03\/cropped-favicon.png\",\"width\":512,\"height\":512,\"caption\":\"Equals\"},\"image\":{\"@id\":\"https:\/\/equals.com.br\/#\/schema\/logo\/image\/\"}}]}<\/script>\n<!-- \/ Yoast SEO plugin. -->","yoast_head_json":{"title":"(Portugu\u00eas do Brasil) Equals - Conhe\u00e7a os benef\u00edcios da Concilia\u00e7\u00e3o Financeira","description":"(Portugu\u00eas do Brasil) Entenda quais s\u00e3o os benef\u00edcios de ter uma concilia\u00e7\u00e3o financeira autom\u00e1tica e inteligente. Otimize sua gest\u00e3o e aumente a produtividade.","robots":{"index":"index","follow":"follow","max-snippet":"max-snippet:-1","max-image-preview":"max-image-preview:large","max-video-preview":"max-video-preview:-1"},"canonical":"https:\/\/equals.com.br\/beneficios\/","og_locale":"es_ES","og_type":"article","og_title":"[:pb]Equals - Conhe\u00e7a os benef\u00edcios da Concilia\u00e7\u00e3o Financeira[:]","og_description":"{:pb}Entenda quais s\u00e3o os benef\u00edcios de ter uma concilia\u00e7\u00e3o financeira autom\u00e1tica e inteligente. Otimize sua gest\u00e3o e aumente a produtividade.{:}","og_url":"https:\/\/equals.com.br\/beneficios\/","og_site_name":"Equals","article_modified_time":"2024-07-23T18:42:05+00:00","twitter_card":"summary_large_image","schema":{"@context":"https:\/\/schema.org","@graph":[{"@type":"WebPage","@id":"https:\/\/equals.com.br\/beneficios\/","url":"https:\/\/equals.com.br\/beneficios\/","name":"[:pb]Equals - Conhe\u00e7a os benef\u00edcios da Concilia\u00e7\u00e3o Financeira[:]","isPartOf":{"@id":"https:\/\/equals.com.br\/#website"},"datePublished":"2016-12-20T07:48:15+00:00","dateModified":"2024-07-23T18:42:05+00:00","description":"{:pb}Entenda quais s\u00e3o os benef\u00edcios de ter uma concilia\u00e7\u00e3o financeira autom\u00e1tica e inteligente. Otimize sua gest\u00e3o e aumente a produtividade.{:}","breadcrumb":{"@id":"https:\/\/equals.com.br\/beneficios\/#breadcrumb"},"inLanguage":"es","potentialAction":[{"@type":"ReadAction","target":["https:\/\/equals.com.br\/beneficios\/"]}]},{"@type":"BreadcrumbList","@id":"https:\/\/equals.com.br\/beneficios\/#breadcrumb","itemListElement":[{"@type":"ListItem","position":1,"name":"In\u00edcio","item":"https:\/\/equals.com.br\/"},{"@type":"ListItem","position":2,"name":"Benef\u00edcios"}]},{"@type":"WebSite","@id":"https:\/\/equals.com.br\/#website","url":"https:\/\/equals.com.br\/","name":"Equals","description":"Concilia\u00e7\u00e3o de vendas com cart\u00f5es de cr\u00e9dito","publisher":{"@id":"https:\/\/equals.com.br\/#organization"},"potentialAction":[{"@type":"SearchAction","target":{"@type":"EntryPoint","urlTemplate":"https:\/\/equals.com.br\/?s={search_term_string}"},"query-input":{"@type":"PropertyValueSpecification","valueRequired":true,"valueName":"search_term_string"}}],"inLanguage":"es"},{"@type":"Organization","@id":"https:\/\/equals.com.br\/#organization","name":"Equals","url":"https:\/\/equals.com.br\/","logo":{"@type":"ImageObject","inLanguage":"es","@id":"https:\/\/equals.com.br\/#\/schema\/logo\/image\/","url":"https:\/\/equals.com.br\/wp-content\/uploads\/2025\/03\/cropped-favicon.png","contentUrl":"https:\/\/equals.com.br\/wp-content\/uploads\/2025\/03\/cropped-favicon.png","width":512,"height":512,"caption":"Equals"},"image":{"@id":"https:\/\/equals.com.br\/#\/schema\/logo\/image\/"}}]}},"_links":{"self":[{"href":"https:\/\/equals.com.br\/es\/wp-json\/wp\/v2\/pages\/16","targetHints":{"allow":["GET"]}}],"collection":[{"href":"https:\/\/equals.com.br\/es\/wp-json\/wp\/v2\/pages"}],"about":[{"href":"https:\/\/equals.com.br\/es\/wp-json\/wp\/v2\/types\/page"}],"author":[{"embeddable":true,"href":"https:\/\/equals.com.br\/es\/wp-json\/wp\/v2\/users\/42"}],"replies":[{"embeddable":true,"href":"https:\/\/equals.com.br\/es\/wp-json\/wp\/v2\/comments?post=16"}],"version-history":[{"count":79,"href":"https:\/\/equals.com.br\/es\/wp-json\/wp\/v2\/pages\/16\/revisions"}],"predecessor-version":[{"id":5209,"href":"https:\/\/equals.com.br\/es\/wp-json\/wp\/v2\/pages\/16\/revisions\/5209"}],"wp:attachment":[{"href":"https:\/\/equals.com.br\/es\/wp-json\/wp\/v2\/media?parent=16"}],"wp:term":[{"taxonomy":"post_tag","embeddable":true,"href":"https:\/\/equals.com.br\/es\/wp-json\/wp\/v2\/tags?post=16"}],"curies":[{"name":"wp","href":"https:\/\/api.w.org\/{rel}","templated":true}]}}