{"id":10,"date":"2016-12-20T05:47:25","date_gmt":"2016-12-20T07:47:25","guid":{"rendered":"http:\/\/localhost\/equals\/wordpress\/?page_id=10"},"modified":"2025-06-25T16:57:20","modified_gmt":"2025-06-25T19:57:20","slug":"e-commerce","status":"publish","type":"page","link":"https:\/\/equals.com.br\/en\/e-commerce\/","title":{"rendered":"E-commerce"},"content":{"rendered":"","protected":false},"excerpt":{"rendered":"","protected":false},"author":42,"featured_media":0,"parent":0,"menu_order":0,"comment_status":"closed","ping_status":"closed","template":"tpl-segmentos.php","meta":{"footnotes":""},"tags":[],"class_list":["post-10","page","type-page","status-publish","hentry"],"yoast_head":"<!-- This site is optimized with the Yoast SEO plugin v24.9 - https:\/\/yoast.com\/wordpress\/plugins\/seo\/ -->\n<title>(Portugu\u00eas do Brasil) Equals - Concilia\u00e7\u00e3o de Vendas no E-Commerce<\/title>\n<meta name=\"description\" content=\"(Portugu\u00eas do Brasil) Mais do que se preocupar com experi\u00eancia de compra, \u00e9 fundamental para qualquer e-commerce controlar os d\u00e9bitos sofridos por cancelamentos e chargabacks.\" \/>\n<meta name=\"robots\" content=\"index, follow, max-snippet:-1, max-image-preview:large, max-video-preview:-1\" \/>\n<link rel=\"canonical\" href=\"https:\/\/equals.com.br\/e-commerce\/\" \/>\n<meta property=\"og:locale\" content=\"en_US\" \/>\n<meta property=\"og:type\" content=\"article\" \/>\n<meta property=\"og:title\" content=\"Equals - Concilia\u00e7\u00e3o de Vendas no E-commerce\" \/>\n<meta property=\"og:description\" content=\"Mais do que se preocupar com a entrega, experi\u00eancia de compra e qualidade dos produtos, \u00e9 fundamental para qualquer e-commerce controlar os d\u00e9bitos sofridos por cancelamentos e chargabacks.\" \/>\n<meta property=\"og:url\" content=\"https:\/\/equals.com.br\/e-commerce\/\" \/>\n<meta property=\"og:site_name\" content=\"Equals\" \/>\n<meta property=\"article:modified_time\" content=\"2025-06-25T19:57:20+00:00\" \/>\n<meta property=\"og:image\" content=\"http:\/\/wordpress.equals.com.br\/wp-content\/uploads\/2016\/12\/Ecommerce-equals.png\" \/>\n<meta name=\"twitter:card\" content=\"summary_large_image\" \/>\n<script type=\"application\/ld+json\" class=\"yoast-schema-graph\">{\"@context\":\"https:\/\/schema.org\",\"@graph\":[{\"@type\":\"WebPage\",\"@id\":\"https:\/\/equals.com.br\/e-commerce\/\",\"url\":\"https:\/\/equals.com.br\/e-commerce\/\",\"name\":\"[:pb]Equals - Concilia\u00e7\u00e3o de Vendas no E-Commerce[:]\",\"isPartOf\":{\"@id\":\"https:\/\/equals.com.br\/#website\"},\"datePublished\":\"2016-12-20T07:47:25+00:00\",\"dateModified\":\"2025-06-25T19:57:20+00:00\",\"description\":\"{:pb}Mais do que se preocupar com experi\u00eancia de compra, \u00e9 fundamental para qualquer e-commerce controlar os d\u00e9bitos sofridos por cancelamentos e chargabacks.{:}\",\"breadcrumb\":{\"@id\":\"https:\/\/equals.com.br\/e-commerce\/#breadcrumb\"},\"inLanguage\":\"en-US\",\"potentialAction\":[{\"@type\":\"ReadAction\",\"target\":[\"https:\/\/equals.com.br\/e-commerce\/\"]}]},{\"@type\":\"BreadcrumbList\",\"@id\":\"https:\/\/equals.com.br\/e-commerce\/#breadcrumb\",\"itemListElement\":[{\"@type\":\"ListItem\",\"position\":1,\"name\":\"In\u00edcio\",\"item\":\"https:\/\/equals.com.br\/\"},{\"@type\":\"ListItem\",\"position\":2,\"name\":\"E-commerce\"}]},{\"@type\":\"WebSite\",\"@id\":\"https:\/\/equals.com.br\/#website\",\"url\":\"https:\/\/equals.com.br\/\",\"name\":\"Equals\",\"description\":\"Concilia\u00e7\u00e3o de vendas com cart\u00f5es de cr\u00e9dito\",\"publisher\":{\"@id\":\"https:\/\/equals.com.br\/#organization\"},\"potentialAction\":[{\"@type\":\"SearchAction\",\"target\":{\"@type\":\"EntryPoint\",\"urlTemplate\":\"https:\/\/equals.com.br\/?s={search_term_string}\"},\"query-input\":{\"@type\":\"PropertyValueSpecification\",\"valueRequired\":true,\"valueName\":\"search_term_string\"}}],\"inLanguage\":\"en-US\"},{\"@type\":\"Organization\",\"@id\":\"https:\/\/equals.com.br\/#organization\",\"name\":\"Equals\",\"url\":\"https:\/\/equals.com.br\/\",\"logo\":{\"@type\":\"ImageObject\",\"inLanguage\":\"en-US\",\"@id\":\"https:\/\/equals.com.br\/#\/schema\/logo\/image\/\",\"url\":\"https:\/\/equals.com.br\/wp-content\/uploads\/2025\/03\/cropped-favicon.png\",\"contentUrl\":\"https:\/\/equals.com.br\/wp-content\/uploads\/2025\/03\/cropped-favicon.png\",\"width\":512,\"height\":512,\"caption\":\"Equals\"},\"image\":{\"@id\":\"https:\/\/equals.com.br\/#\/schema\/logo\/image\/\"}}]}<\/script>\n<!-- \/ Yoast SEO plugin. -->","yoast_head_json":{"title":"(Portugu\u00eas do Brasil) Equals - Concilia\u00e7\u00e3o de Vendas no E-Commerce","description":"(Portugu\u00eas do Brasil) Mais do que se preocupar com experi\u00eancia de compra, \u00e9 fundamental para qualquer e-commerce controlar os d\u00e9bitos sofridos por cancelamentos e chargabacks.","robots":{"index":"index","follow":"follow","max-snippet":"max-snippet:-1","max-image-preview":"max-image-preview:large","max-video-preview":"max-video-preview:-1"},"canonical":"https:\/\/equals.com.br\/e-commerce\/","og_locale":"en_US","og_type":"article","og_title":"Equals - Concilia\u00e7\u00e3o de Vendas no E-commerce","og_description":"Mais do que se preocupar com a entrega, experi\u00eancia de compra e qualidade dos produtos, \u00e9 fundamental para qualquer e-commerce controlar os d\u00e9bitos sofridos por cancelamentos e chargabacks.","og_url":"https:\/\/equals.com.br\/e-commerce\/","og_site_name":"Equals","article_modified_time":"2025-06-25T19:57:20+00:00","og_image":[{"url":"http:\/\/wordpress.equals.com.br\/wp-content\/uploads\/2016\/12\/Ecommerce-equals.png","type":"","width":"","height":""}],"twitter_card":"summary_large_image","schema":{"@context":"https:\/\/schema.org","@graph":[{"@type":"WebPage","@id":"https:\/\/equals.com.br\/e-commerce\/","url":"https:\/\/equals.com.br\/e-commerce\/","name":"[:pb]Equals - Concilia\u00e7\u00e3o de Vendas no E-Commerce[:]","isPartOf":{"@id":"https:\/\/equals.com.br\/#website"},"datePublished":"2016-12-20T07:47:25+00:00","dateModified":"2025-06-25T19:57:20+00:00","description":"{:pb}Mais do que se preocupar com experi\u00eancia de compra, \u00e9 fundamental para qualquer e-commerce controlar os d\u00e9bitos sofridos por cancelamentos e chargabacks.{:}","breadcrumb":{"@id":"https:\/\/equals.com.br\/e-commerce\/#breadcrumb"},"inLanguage":"en-US","potentialAction":[{"@type":"ReadAction","target":["https:\/\/equals.com.br\/e-commerce\/"]}]},{"@type":"BreadcrumbList","@id":"https:\/\/equals.com.br\/e-commerce\/#breadcrumb","itemListElement":[{"@type":"ListItem","position":1,"name":"In\u00edcio","item":"https:\/\/equals.com.br\/"},{"@type":"ListItem","position":2,"name":"E-commerce"}]},{"@type":"WebSite","@id":"https:\/\/equals.com.br\/#website","url":"https:\/\/equals.com.br\/","name":"Equals","description":"Concilia\u00e7\u00e3o de vendas com cart\u00f5es de cr\u00e9dito","publisher":{"@id":"https:\/\/equals.com.br\/#organization"},"potentialAction":[{"@type":"SearchAction","target":{"@type":"EntryPoint","urlTemplate":"https:\/\/equals.com.br\/?s={search_term_string}"},"query-input":{"@type":"PropertyValueSpecification","valueRequired":true,"valueName":"search_term_string"}}],"inLanguage":"en-US"},{"@type":"Organization","@id":"https:\/\/equals.com.br\/#organization","name":"Equals","url":"https:\/\/equals.com.br\/","logo":{"@type":"ImageObject","inLanguage":"en-US","@id":"https:\/\/equals.com.br\/#\/schema\/logo\/image\/","url":"https:\/\/equals.com.br\/wp-content\/uploads\/2025\/03\/cropped-favicon.png","contentUrl":"https:\/\/equals.com.br\/wp-content\/uploads\/2025\/03\/cropped-favicon.png","width":512,"height":512,"caption":"Equals"},"image":{"@id":"https:\/\/equals.com.br\/#\/schema\/logo\/image\/"}}]}},"_links":{"self":[{"href":"https:\/\/equals.com.br\/en\/wp-json\/wp\/v2\/pages\/10","targetHints":{"allow":["GET"]}}],"collection":[{"href":"https:\/\/equals.com.br\/en\/wp-json\/wp\/v2\/pages"}],"about":[{"href":"https:\/\/equals.com.br\/en\/wp-json\/wp\/v2\/types\/page"}],"author":[{"embeddable":true,"href":"https:\/\/equals.com.br\/en\/wp-json\/wp\/v2\/users\/42"}],"replies":[{"embeddable":true,"href":"https:\/\/equals.com.br\/en\/wp-json\/wp\/v2\/comments?post=10"}],"version-history":[{"count":46,"href":"https:\/\/equals.com.br\/en\/wp-json\/wp\/v2\/pages\/10\/revisions"}],"predecessor-version":[{"id":5578,"href":"https:\/\/equals.com.br\/en\/wp-json\/wp\/v2\/pages\/10\/revisions\/5578"}],"wp:attachment":[{"href":"https:\/\/equals.com.br\/en\/wp-json\/wp\/v2\/media?parent=10"}],"wp:term":[{"taxonomy":"post_tag","embeddable":true,"href":"https:\/\/equals.com.br\/en\/wp-json\/wp\/v2\/tags?post=10"}],"curies":[{"name":"wp","href":"https:\/\/api.w.org\/{rel}","templated":true}]}}